{"id":34091,"date":"2025-09-24T16:54:33","date_gmt":"2025-09-24T13:54:33","guid":{"rendered":"https:\/\/fundesign.fi\/?post_type=product&#038;p=34091"},"modified":"2025-09-24T17:21:17","modified_gmt":"2025-09-24T14:21:17","slug":"cute-coaster-by-pupu-station","status":"publish","type":"product","link":"https:\/\/fundesign.fi\/fi\/tuote\/cute-coaster-by-pupu-station\/","title":{"rendered":"Cute Coaster"},"content":{"rendered":"<p>Cute coaster for home decor<\/p>\n<p>Lasinalunen \/ Mug Rug<\/p>\n<p>Itsetehty \/ Handmade<\/p>\n<p>Uusi \/ New<\/p>\n<p>Koko 10 x 10 x 1 cm \/ Size 10 x 10 x 1 cm<\/p>\n<p>Liukumaton tausta \/ Non-slip backing<\/p>\n<p>Saattaa esiinty\u00e4 satunnaisia virheit\u00e4, ep\u00e4tasaisuuksia ja v\u00e4rivaihteluita, koska esine on k\u00e4sity\u00f6n\u00e4 valmistettu. \/ There might be occasional errors, unevenness, and color variations, because the item is handcrafted.<\/p>","protected":false},"excerpt":{"rendered":"<p>Handmade by Pupu Station<\/p>\n<p><strong>Technique:<\/strong> Punch needle<\/p>\n<p><strong>Size:<\/strong> around 10 x 10 x 1 cm<\/p>\n<p><strong>Materials:<\/strong> Cotton yarn, punch needle and non-slippery fabrics<\/p>\n<p><strong>Cleaning instructions: <\/strong>Spot clean gently with a damp cloth<\/p>\n<p><strong>Use<\/strong>: Ideal for protecting tables from hot drinks as and gifts for your loved ones<\/p>\n<p><strong>Shipping<\/strong>: Free Shipping in Finland<\/p>","protected":false},"featured_media":34108,"comment_status":"open","ping_status":"closed","template":"","meta":{"_acf_changed":false,"site-sidebar-layout":"default","site-content-layout":"","ast-site-content-layout":"default","site-content-style":"default","site-sidebar-style":"default","ast-global-header-display":"","ast-banner-title-visibility":"","ast-main-header-display":"","ast-hfb-above-header-display":"","ast-hfb-below-header-display":"","ast-hfb-mobile-header-display":"","site-post-title":"","ast-breadcrumbs-content":"","ast-featured-img":"","footer-sml-layout":"","ast-disable-related-posts":"","theme-transparent-header-meta":"","adv-header-id-meta":"","stick-header-meta":"","header-above-stick-meta":"","header-main-stick-meta":"","header-below-stick-meta":"","astra-migrate-meta-layouts":"default","ast-page-background-enabled":"default","ast-page-background-meta":{"desktop":{"background-color":"var(--ast-global-color-4)","background-image":"","background-repeat":"repeat","background-position":"center center","background-size":"auto","background-attachment":"scroll","background-type":"","background-media":"","overlay-type":"","overlay-color":"","overlay-opacity":"","overlay-gradient":""},"tablet":{"background-color":"","background-image":"","background-repeat":"repeat","background-position":"center center","background-size":"auto","background-attachment":"scroll","background-type":"","background-media":"","overlay-type":"","overlay-color":"","overlay-opacity":"","overlay-gradient":""},"mobile":{"background-color":"","background-image":"","background-repeat":"repeat","background-position":"center center","background-size":"auto","background-attachment":"scroll","background-type":"","background-media":"","overlay-type":"","overlay-color":"","overlay-opacity":"","overlay-gradient":""}},"ast-content-background-meta":{"desktop":{"background-color":"var(--ast-global-color-5)","background-image":"","background-repeat":"repeat","background-position":"center center","background-size":"auto","background-attachment":"scroll","background-type":"","background-media":"","overlay-type":"","overlay-color":"","overlay-opacity":"","overlay-gradient":""},"tablet":{"background-color":"var(--ast-global-color-5)","background-image":"","background-repeat":"repeat","background-position":"center center","background-size":"auto","background-attachment":"scroll","background-type":"","background-media":"","overlay-type":"","overlay-color":"","overlay-opacity":"","overlay-gradient":""},"mobile":{"background-color":"var(--ast-global-color-5)","background-image":"","background-repeat":"repeat","background-position":"center center","background-size":"auto","background-attachment":"scroll","background-type":"","background-media":"","overlay-type":"","overlay-color":"","overlay-opacity":"","overlay-gradient":""}},"advanced_seo_description":"","jetpack_seo_html_title":"","jetpack_seo_noindex":false,"jetpack_post_was_ever_published":false},"product_brand":[],"product_cat":[2861,2859,2875,2864,2863],"product_tag":[2159,1495,1794,1449,1893,2696],"class_list":{"0":"post-34091","1":"product","2":"type-product","3":"status-publish","4":"has-post-thumbnail","6":"product_cat-coasters","7":"product_cat-decoration","8":"product_cat-other-for-home","9":"product_cat-tableware","10":"product_cat-textile","11":"product_tag-animals","12":"product_tag-cat","13":"product_tag-character","14":"product_tag-cute","15":"product_tag-fruit","16":"product_tag-mug-rug","17":"desktop-align-left","18":"tablet-align-left","19":"mobile-align-left","21":"first","22":"instock","23":"taxable","24":"shipping-taxable","25":"purchasable","26":"product-type-variable"},"acf":[],"jetpack_sharing_enabled":true,"_links":{"self":[{"href":"https:\/\/fundesign.fi\/fi\/wp-json\/wp\/v2\/product\/34091","targetHints":{"allow":["GET"]}}],"collection":[{"href":"https:\/\/fundesign.fi\/fi\/wp-json\/wp\/v2\/product"}],"about":[{"href":"https:\/\/fundesign.fi\/fi\/wp-json\/wp\/v2\/types\/product"}],"replies":[{"embeddable":true,"href":"https:\/\/fundesign.fi\/fi\/wp-json\/wp\/v2\/comments?post=34091"}],"version-history":[{"count":0,"href":"https:\/\/fundesign.fi\/fi\/wp-json\/wp\/v2\/product\/34091\/revisions"}],"wp:featuredmedia":[{"embeddable":true,"href":"https:\/\/fundesign.fi\/fi\/wp-json\/wp\/v2\/media\/34108"}],"wp:attachment":[{"href":"https:\/\/fundesign.fi\/fi\/wp-json\/wp\/v2\/media?parent=34091"}],"wp:term":[{"taxonomy":"product_brand","embeddable":true,"href":"https:\/\/fundesign.fi\/fi\/wp-json\/wp\/v2\/product_brand?post=34091"},{"taxonomy":"product_cat","embeddable":true,"href":"https:\/\/fundesign.fi\/fi\/wp-json\/wp\/v2\/product_cat?post=34091"},{"taxonomy":"product_tag","embeddable":true,"href":"https:\/\/fundesign.fi\/fi\/wp-json\/wp\/v2\/product_tag?post=34091"}],"curies":[{"name":"wp","href":"https:\/\/api.w.org\/{rel}","templated":true}]}}