{"id":25642,"date":"2025-04-06T18:25:21","date_gmt":"2025-04-06T15:25:21","guid":{"rendered":"https:\/\/fundesign.fi\/?post_type=product&#038;p=25642"},"modified":"2025-09-24T17:21:36","modified_gmt":"2025-09-24T14:21:36","slug":"bow-hair-clip-by-pupu-station","status":"publish","type":"product","link":"https:\/\/fundesign.fi\/fi\/tuote\/bow-hair-clip-by-pupu-station\/","title":{"rendered":"Bow Hair Clip"},"content":{"rendered":"<p>Cute bow-shaped hair clip<\/p>\n<p>Rusetti-hiusklipi \/ Bow Hair Clip<\/p>\n<p>Itsetehty \/ Handmade<\/p>\n<p>Uusi \/ New Koko 9 x 7 x 1.5 cm \/ Size 9 x 7 x 1.5 cm<\/p>\n<p>Sis\u00e4lt\u00e4\u00e4 6,5 cm metalliklipsi \/ Includes a 6.5 cm metal clip<\/p>\n<p>Saattaa esiinty\u00e4 satunnaisia virheit\u00e4, ep\u00e4tasaisuuksia ja v\u00e4rivaihteluita, koska esine on k\u00e4sity\u00f6n\u00e4 valmistettu. \/ There might be occasional errors, unevenness, and color variations, because the item is handcrafted.<\/p>","protected":false},"excerpt":{"rendered":"<p>Handmade by Pupu Station<\/p>\n<p><strong>Technique:<\/strong>\u00a0Punch needle<\/p>\n<p><strong>Size:<\/strong> around 9 x 7 x 1.5 cm, includes a 6.5 cm metal clip<\/p>\n<p><strong>Materials:<\/strong>\u00a0Cotton yarn, punch needle and non-slippery fabrics<\/p>\n<p><strong>Cleaning instructions:\u00a0<\/strong>Spot clean gently with a damp cloth<\/p>\n<p><strong>Use<\/strong>: Ideal for protecting tables from hot drinks and gifts for loved ones<\/p>\n<p><strong>Shipping<\/strong>: Free Shipping in Finland<\/p>","protected":false},"featured_media":25705,"comment_status":"open","ping_status":"closed","template":"","meta":{"_acf_changed":false,"site-sidebar-layout":"default","site-content-layout":"","ast-site-content-layout":"default","site-content-style":"default","site-sidebar-style":"default","ast-global-header-display":"","ast-banner-title-visibility":"","ast-main-header-display":"","ast-hfb-above-header-display":"","ast-hfb-below-header-display":"","ast-hfb-mobile-header-display":"","site-post-title":"","ast-breadcrumbs-content":"","ast-featured-img":"","footer-sml-layout":"","ast-disable-related-posts":"","theme-transparent-header-meta":"","adv-header-id-meta":"","stick-header-meta":"","header-above-stick-meta":"","header-main-stick-meta":"","header-below-stick-meta":"","astra-migrate-meta-layouts":"default","ast-page-background-enabled":"default","ast-page-background-meta":{"desktop":{"background-color":"var(--ast-global-color-4)","background-image":"","background-repeat":"repeat","background-position":"center center","background-size":"auto","background-attachment":"scroll","background-type":"","background-media":"","overlay-type":"","overlay-color":"","overlay-opacity":"","overlay-gradient":""},"tablet":{"background-color":"","background-image":"","background-repeat":"repeat","background-position":"center center","background-size":"auto","background-attachment":"scroll","background-type":"","background-media":"","overlay-type":"","overlay-color":"","overlay-opacity":"","overlay-gradient":""},"mobile":{"background-color":"","background-image":"","background-repeat":"repeat","background-position":"center center","background-size":"auto","background-attachment":"scroll","background-type":"","background-media":"","overlay-type":"","overlay-color":"","overlay-opacity":"","overlay-gradient":""}},"ast-content-background-meta":{"desktop":{"background-color":"var(--ast-global-color-5)","background-image":"","background-repeat":"repeat","background-position":"center center","background-size":"auto","background-attachment":"scroll","background-type":"","background-media":"","overlay-type":"","overlay-color":"","overlay-opacity":"","overlay-gradient":""},"tablet":{"background-color":"var(--ast-global-color-5)","background-image":"","background-repeat":"repeat","background-position":"center center","background-size":"auto","background-attachment":"scroll","background-type":"","background-media":"","overlay-type":"","overlay-color":"","overlay-opacity":"","overlay-gradient":""},"mobile":{"background-color":"var(--ast-global-color-5)","background-image":"","background-repeat":"repeat","background-position":"center center","background-size":"auto","background-attachment":"scroll","background-type":"","background-media":"","overlay-type":"","overlay-color":"","overlay-opacity":"","overlay-gradient":""}},"advanced_seo_description":"","jetpack_seo_html_title":"","jetpack_seo_noindex":false,"jetpack_post_was_ever_published":false},"product_brand":[],"product_cat":[2868,1442,2883,1818],"product_tag":[1627,1449],"class_list":{"0":"post-25642","1":"product","2":"type-product","3":"status-publish","4":"has-post-thumbnail","6":"product_cat-head-gear","7":"product_cat-jewelry","8":"product_cat-other-accessories","9":"product_cat-other-jewelry","10":"product_tag-colorful","11":"product_tag-cute","12":"desktop-align-left","13":"tablet-align-left","14":"mobile-align-left","16":"first","17":"instock","18":"taxable","19":"shipping-taxable","20":"purchasable","21":"product-type-variable"},"acf":[],"jetpack_sharing_enabled":true,"_links":{"self":[{"href":"https:\/\/fundesign.fi\/fi\/wp-json\/wp\/v2\/product\/25642","targetHints":{"allow":["GET"]}}],"collection":[{"href":"https:\/\/fundesign.fi\/fi\/wp-json\/wp\/v2\/product"}],"about":[{"href":"https:\/\/fundesign.fi\/fi\/wp-json\/wp\/v2\/types\/product"}],"replies":[{"embeddable":true,"href":"https:\/\/fundesign.fi\/fi\/wp-json\/wp\/v2\/comments?post=25642"}],"version-history":[{"count":0,"href":"https:\/\/fundesign.fi\/fi\/wp-json\/wp\/v2\/product\/25642\/revisions"}],"wp:featuredmedia":[{"embeddable":true,"href":"https:\/\/fundesign.fi\/fi\/wp-json\/wp\/v2\/media\/25705"}],"wp:attachment":[{"href":"https:\/\/fundesign.fi\/fi\/wp-json\/wp\/v2\/media?parent=25642"}],"wp:term":[{"taxonomy":"product_brand","embeddable":true,"href":"https:\/\/fundesign.fi\/fi\/wp-json\/wp\/v2\/product_brand?post=25642"},{"taxonomy":"product_cat","embeddable":true,"href":"https:\/\/fundesign.fi\/fi\/wp-json\/wp\/v2\/product_cat?post=25642"},{"taxonomy":"product_tag","embeddable":true,"href":"https:\/\/fundesign.fi\/fi\/wp-json\/wp\/v2\/product_tag?post=25642"}],"curies":[{"name":"wp","href":"https:\/\/api.w.org\/{rel}","templated":true}]}}