{"id":24819,"date":"2025-03-03T20:26:08","date_gmt":"2025-03-03T18:26:08","guid":{"rendered":"https:\/\/fundesign.fi\/?post_type=product&#038;p=24819"},"modified":"2025-07-05T21:55:38","modified_gmt":"2025-07-05T18:55:38","slug":"essentials-stickers","status":"publish","type":"product","link":"https:\/\/fundesign.fi\/fi\/tuote\/essentials-stickers\/","title":{"rendered":"essentials | Glitter Stickers"},"content":{"rendered":"<p>cute and colourful glitter stickers for stationary use, laptops, tablets, phones, notebooks etc.<\/p>\n<p>the dimensions from the widest points:<\/p>\n<ul>\n<li>\u00c4\u00c4\u00c4 \u2013 10 x 9,9 cm<\/li>\n<li>cow bag \u2013 5,5 x 6,1 cm<\/li>\n<li>rats \u2013 7,9 x 11,1 cm<\/li>\n<li>window &#8211; pink space \u2013 5,1 x 9 cm<\/li>\n<li>WTF alien girl \u2013 7,1 x 9 cm<\/li>\n<li>heart butt \u2013 6,3 x 5,9 cm<\/li>\n<\/ul>\n<p>find me on instagram @kaktusviina<\/p>","protected":false},"excerpt":{"rendered":"<p><strong>Tarrat <\/strong>by kaktusviina, MA in Visual Communication Design, Aalto University<\/p>\n<p><strong>Dimensions:<\/strong> See the description<\/p>\n<p><strong>Color:<\/strong> The actual color may vary slightly from your monitor<\/p>\n<p><strong>Shipping<\/strong>: Please see my <a href=\"\/fi\/\u201d\u201d\u201d\u201d\u201d\u201d\u201d\u201d\u201d\u201d\u201d\u201d\u201d\u201d\u201d\u201d\u201d\u201d\u201d\u201d\u201d\u201d\/\/artmudesign.com\/store\/kaktusviina\/toc\/\u201d\u201d\u201d\u201d\u201d\u201d\u201d\u201d\u201d\u201d\u201d\u201d\u201d\u201d\u201d\u201d\u201d\u201d\u201d\u201d\u201d\u201d\u201d\/\">TOC page<\/a> for the shipping fees<\/p>","protected":false},"featured_media":24827,"comment_status":"open","ping_status":"closed","template":"","meta":{"_acf_changed":false,"site-sidebar-layout":"default","site-content-layout":"default","ast-site-content-layout":"default","site-content-style":"default","site-sidebar-style":"default","ast-global-header-display":"","ast-banner-title-visibility":"","ast-main-header-display":"","ast-hfb-above-header-display":"","ast-hfb-below-header-display":"","ast-hfb-mobile-header-display":"","site-post-title":"","ast-breadcrumbs-content":"","ast-featured-img":"","footer-sml-layout":"","ast-disable-related-posts":"","theme-transparent-header-meta":"default","adv-header-id-meta":"","stick-header-meta":"","header-above-stick-meta":"","header-main-stick-meta":"","header-below-stick-meta":"","astra-migrate-meta-layouts":"default","ast-page-background-enabled":"default","ast-page-background-meta":{"desktop":{"background-color":"var(--ast-global-color-4)","background-image":"","background-repeat":"repeat","background-position":"center center","background-size":"auto","background-attachment":"scroll","background-type":"","background-media":"","overlay-type":"","overlay-color":"","overlay-opacity":"","overlay-gradient":""},"tablet":{"background-color":"","background-image":"","background-repeat":"repeat","background-position":"center center","background-size":"auto","background-attachment":"scroll","background-type":"","background-media":"","overlay-type":"","overlay-color":"","overlay-opacity":"","overlay-gradient":""},"mobile":{"background-color":"","background-image":"","background-repeat":"repeat","background-position":"center center","background-size":"auto","background-attachment":"scroll","background-type":"","background-media":"","overlay-type":"","overlay-color":"","overlay-opacity":"","overlay-gradient":""}},"ast-content-background-meta":{"desktop":{"background-color":"var(--ast-global-color-5)","background-image":"","background-repeat":"repeat","background-position":"center center","background-size":"auto","background-attachment":"scroll","background-type":"","background-media":"","overlay-type":"","overlay-color":"","overlay-opacity":"","overlay-gradient":""},"tablet":{"background-color":"var(--ast-global-color-5)","background-image":"","background-repeat":"repeat","background-position":"center center","background-size":"auto","background-attachment":"scroll","background-type":"","background-media":"","overlay-type":"","overlay-color":"","overlay-opacity":"","overlay-gradient":""},"mobile":{"background-color":"var(--ast-global-color-5)","background-image":"","background-repeat":"repeat","background-position":"center center","background-size":"auto","background-attachment":"scroll","background-type":"","background-media":"","overlay-type":"","overlay-color":"","overlay-opacity":"","overlay-gradient":""}},"advanced_seo_description":"","jetpack_seo_html_title":"","jetpack_seo_noindex":false,"jetpack_post_was_ever_published":false},"product_brand":[],"product_cat":[2858,2852],"product_tag":[2851,1501,1606,1673,1665,1449,1575,1762,1988,1470,1671,1625,1670,1672,2444],"class_list":{"0":"post-24819","1":"product","2":"type-product","3":"status-publish","4":"has-post-thumbnail","6":"product_cat-prints-stationery","7":"product_cat-stickers","8":"product_tag-aalto-student-work","9":"product_tag-black","10":"product_tag-blue","11":"product_tag-cartoon","12":"product_tag-cosmic","13":"product_tag-cute","14":"product_tag-fantasy","15":"product_tag-funny","16":"product_tag-glitter","17":"product_tag-green","18":"product_tag-lilac","19":"product_tag-night","20":"product_tag-pastel","21":"product_tag-pink","22":"product_tag-shiny","23":"product_shipping_class-s-parcel","24":"desktop-align-left","25":"tablet-align-left","26":"mobile-align-left","28":"first","29":"instock","30":"purchasable","31":"product-type-variable"},"acf":[],"jetpack_sharing_enabled":true,"_links":{"self":[{"href":"https:\/\/fundesign.fi\/fi\/wp-json\/wp\/v2\/product\/24819","targetHints":{"allow":["GET"]}}],"collection":[{"href":"https:\/\/fundesign.fi\/fi\/wp-json\/wp\/v2\/product"}],"about":[{"href":"https:\/\/fundesign.fi\/fi\/wp-json\/wp\/v2\/types\/product"}],"replies":[{"embeddable":true,"href":"https:\/\/fundesign.fi\/fi\/wp-json\/wp\/v2\/comments?post=24819"}],"version-history":[{"count":0,"href":"https:\/\/fundesign.fi\/fi\/wp-json\/wp\/v2\/product\/24819\/revisions"}],"wp:featuredmedia":[{"embeddable":true,"href":"https:\/\/fundesign.fi\/fi\/wp-json\/wp\/v2\/media\/24827"}],"wp:attachment":[{"href":"https:\/\/fundesign.fi\/fi\/wp-json\/wp\/v2\/media?parent=24819"}],"wp:term":[{"taxonomy":"product_brand","embeddable":true,"href":"https:\/\/fundesign.fi\/fi\/wp-json\/wp\/v2\/product_brand?post=24819"},{"taxonomy":"product_cat","embeddable":true,"href":"https:\/\/fundesign.fi\/fi\/wp-json\/wp\/v2\/product_cat?post=24819"},{"taxonomy":"product_tag","embeddable":true,"href":"https:\/\/fundesign.fi\/fi\/wp-json\/wp\/v2\/product_tag?post=24819"}],"curies":[{"name":"wp","href":"https:\/\/api.w.org\/{rel}","templated":true}]}}