{"id":14383,"date":"2023-12-14T12:49:30","date_gmt":"2023-12-14T10:49:30","guid":{"rendered":"https:\/\/fundesign.fi\/?post_type=product&#038;p=14383"},"modified":"2025-06-23T15:27:24","modified_gmt":"2025-06-23T12:27:24","slug":"winter-in-puu-kapyla-a5-poster","status":"publish","type":"product","link":"https:\/\/fundesign.fi\/fi\/tuote\/winter-in-puu-kapyla-a5-poster\/","title":{"rendered":"Winter in Puu-K\u00e4pyl\u00e4 A5 poster"},"content":{"rendered":"<p>This poster is portraying winter landscape of\u00a0 Puu-K\u00e4pyl\u00e4 Wooden House Area. There are a lot of cute colorful wooden houses in Puu-K\u00e4pyl\u00e4 and color is something you need during gray winter days in Finland. There is an inscription &#8220;Puu-K\u00e4pyl\u00e4&#8221; in the corner of the poster.<\/p>\n<p>This small A5 poster is slightly different because it is printed on a highly textured paper and you get a nice feeling when you hold it in your hand. It is possible to put it on the wall just as a cute decor.<\/p>\n<p>It is printed on a matte Fine Art Cotton Paper which I order from Sweden on my Eco Tank Epson printer. This is done by me in my home studio in Helsinki. I use high quality material and ink to get the best results.<\/p>","protected":false},"excerpt":{"rendered":"<p>Winter landscape of Puu-K\u00e4pyl\u00e4 with cute colorful wooden houses, A5 poster<\/p>\n<p><strong>Material:<\/strong> Fine Art Textured Cotton paper, 320 g. Printed with a high-quality Epson ink<\/p>\n<p><strong>Dimensions:<\/strong> 14.8 x 21 cm<\/p>\n<p><strong>Shipping:<\/strong> standard rate for shipping in Finland<\/p>","protected":false},"featured_media":14385,"comment_status":"open","ping_status":"closed","template":"","meta":{"_acf_changed":false,"site-sidebar-layout":"default","site-content-layout":"","ast-site-content-layout":"default","site-content-style":"default","site-sidebar-style":"default","ast-global-header-display":"","ast-banner-title-visibility":"","ast-main-header-display":"","ast-hfb-above-header-display":"","ast-hfb-below-header-display":"","ast-hfb-mobile-header-display":"","site-post-title":"","ast-breadcrumbs-content":"","ast-featured-img":"","footer-sml-layout":"","ast-disable-related-posts":"","theme-transparent-header-meta":"default","adv-header-id-meta":"","stick-header-meta":"","header-above-stick-meta":"","header-main-stick-meta":"","header-below-stick-meta":"","astra-migrate-meta-layouts":"set","ast-page-background-enabled":"default","ast-page-background-meta":{"desktop":{"background-color":"var(--ast-global-color-4)","background-image":"","background-repeat":"repeat","background-position":"center center","background-size":"auto","background-attachment":"scroll","background-type":"","background-media":"","overlay-type":"","overlay-color":"","overlay-opacity":"","overlay-gradient":""},"tablet":{"background-color":"","background-image":"","background-repeat":"repeat","background-position":"center center","background-size":"auto","background-attachment":"scroll","background-type":"","background-media":"","overlay-type":"","overlay-color":"","overlay-opacity":"","overlay-gradient":""},"mobile":{"background-color":"","background-image":"","background-repeat":"repeat","background-position":"center center","background-size":"auto","background-attachment":"scroll","background-type":"","background-media":"","overlay-type":"","overlay-color":"","overlay-opacity":"","overlay-gradient":""}},"ast-content-background-meta":{"desktop":{"background-color":"var(--ast-global-color-5)","background-image":"","background-repeat":"repeat","background-position":"center center","background-size":"auto","background-attachment":"scroll","background-type":"","background-media":"","overlay-type":"","overlay-color":"","overlay-opacity":"","overlay-gradient":""},"tablet":{"background-color":"var(--ast-global-color-5)","background-image":"","background-repeat":"repeat","background-position":"center center","background-size":"auto","background-attachment":"scroll","background-type":"","background-media":"","overlay-type":"","overlay-color":"","overlay-opacity":"","overlay-gradient":""},"mobile":{"background-color":"var(--ast-global-color-5)","background-image":"","background-repeat":"repeat","background-position":"center center","background-size":"auto","background-attachment":"scroll","background-type":"","background-media":"","overlay-type":"","overlay-color":"","overlay-opacity":"","overlay-gradient":""}},"advanced_seo_description":"","jetpack_seo_html_title":"","jetpack_seo_noindex":false,"jetpack_post_was_ever_published":false},"product_brand":[],"product_cat":[1789],"product_tag":[1496,1627,1449,2214,2847,1632,1625,1731,2234,2017],"class_list":{"0":"post-14383","1":"product","2":"type-product","3":"status-publish","4":"has-post-thumbnail","6":"product_cat-prints","7":"product_tag-christmas","8":"product_tag-colorful","9":"product_tag-cute","10":"product_tag-helsinki","11":"product_tag-helsinki-international-artists-association","12":"product_tag-moon","13":"product_tag-night","14":"product_tag-poster","15":"product_tag-urban","16":"product_tag-winter","17":"product_shipping_class-s-parcel","18":"desktop-align-left","19":"tablet-align-left","20":"mobile-align-left","22":"first","23":"instock","24":"taxable","25":"shipping-taxable","26":"purchasable","27":"product-type-simple"},"acf":[],"jetpack_sharing_enabled":true,"_links":{"self":[{"href":"https:\/\/fundesign.fi\/fi\/wp-json\/wp\/v2\/product\/14383","targetHints":{"allow":["GET"]}}],"collection":[{"href":"https:\/\/fundesign.fi\/fi\/wp-json\/wp\/v2\/product"}],"about":[{"href":"https:\/\/fundesign.fi\/fi\/wp-json\/wp\/v2\/types\/product"}],"replies":[{"embeddable":true,"href":"https:\/\/fundesign.fi\/fi\/wp-json\/wp\/v2\/comments?post=14383"}],"version-history":[{"count":0,"href":"https:\/\/fundesign.fi\/fi\/wp-json\/wp\/v2\/product\/14383\/revisions"}],"wp:featuredmedia":[{"embeddable":true,"href":"https:\/\/fundesign.fi\/fi\/wp-json\/wp\/v2\/media\/14385"}],"wp:attachment":[{"href":"https:\/\/fundesign.fi\/fi\/wp-json\/wp\/v2\/media?parent=14383"}],"wp:term":[{"taxonomy":"product_brand","embeddable":true,"href":"https:\/\/fundesign.fi\/fi\/wp-json\/wp\/v2\/product_brand?post=14383"},{"taxonomy":"product_cat","embeddable":true,"href":"https:\/\/fundesign.fi\/fi\/wp-json\/wp\/v2\/product_cat?post=14383"},{"taxonomy":"product_tag","embeddable":true,"href":"https:\/\/fundesign.fi\/fi\/wp-json\/wp\/v2\/product_tag?post=14383"}],"curies":[{"name":"wp","href":"https:\/\/api.w.org\/{rel}","templated":true}]}}