{"id":13823,"date":"2023-12-03T00:55:11","date_gmt":"2023-12-02T22:55:11","guid":{"rendered":"https:\/\/fundesign.fi\/?post_type=product&#038;p=13823"},"modified":"2025-06-23T15:27:18","modified_gmt":"2025-06-23T12:27:18","slug":"%e5%9c%a3%e8%af%9e%e5%bf%ab%e4%b9%90-chinese-christmas-card","status":"publish","type":"product","link":"https:\/\/fundesign.fi\/fi\/tuote\/%e5%9c%a3%e8%af%9e%e5%bf%ab%e4%b9%90-chinese-christmas-card\/","title":{"rendered":"&#8220;\u5723\u8bde\u5feb\u4e50&#8221; Chinese Christmas card"},"content":{"rendered":"<p>Wish your Chinese friends a Merry Christmas!<\/p>\n<p>&#8220;\u5723\u8bde\u5feb&#8221; (Sh\u00e8ngd\u00e0n ku\u00e0ile) means &#8220;Merry Chrismas&#8221; in Mandarin Chinese.<\/p>","protected":false},"excerpt":{"rendered":"<p>Folded Christmas card printed on shimmery light-gold colored paper.<\/p>\n<p>Size: 14,5cm x 10,5cm<\/p>","protected":false},"featured_media":13825,"comment_status":"open","ping_status":"closed","template":"","meta":{"_acf_changed":false,"site-sidebar-layout":"default","site-content-layout":"","ast-site-content-layout":"default","site-content-style":"default","site-sidebar-style":"default","ast-global-header-display":"","ast-banner-title-visibility":"","ast-main-header-display":"","ast-hfb-above-header-display":"","ast-hfb-below-header-display":"","ast-hfb-mobile-header-display":"","site-post-title":"","ast-breadcrumbs-content":"","ast-featured-img":"","footer-sml-layout":"","ast-disable-related-posts":"","theme-transparent-header-meta":"","adv-header-id-meta":"","stick-header-meta":"","header-above-stick-meta":"","header-main-stick-meta":"","header-below-stick-meta":"","astra-migrate-meta-layouts":"default","ast-page-background-enabled":"default","ast-page-background-meta":{"desktop":{"background-color":"var(--ast-global-color-4)","background-image":"","background-repeat":"repeat","background-position":"center center","background-size":"auto","background-attachment":"scroll","background-type":"","background-media":"","overlay-type":"","overlay-color":"","overlay-opacity":"","overlay-gradient":""},"tablet":{"background-color":"","background-image":"","background-repeat":"repeat","background-position":"center center","background-size":"auto","background-attachment":"scroll","background-type":"","background-media":"","overlay-type":"","overlay-color":"","overlay-opacity":"","overlay-gradient":""},"mobile":{"background-color":"","background-image":"","background-repeat":"repeat","background-position":"center center","background-size":"auto","background-attachment":"scroll","background-type":"","background-media":"","overlay-type":"","overlay-color":"","overlay-opacity":"","overlay-gradient":""}},"ast-content-background-meta":{"desktop":{"background-color":"var(--ast-global-color-5)","background-image":"","background-repeat":"repeat","background-position":"center center","background-size":"auto","background-attachment":"scroll","background-type":"","background-media":"","overlay-type":"","overlay-color":"","overlay-opacity":"","overlay-gradient":""},"tablet":{"background-color":"var(--ast-global-color-5)","background-image":"","background-repeat":"repeat","background-position":"center center","background-size":"auto","background-attachment":"scroll","background-type":"","background-media":"","overlay-type":"","overlay-color":"","overlay-opacity":"","overlay-gradient":""},"mobile":{"background-color":"var(--ast-global-color-5)","background-image":"","background-repeat":"repeat","background-position":"center center","background-size":"auto","background-attachment":"scroll","background-type":"","background-media":"","overlay-type":"","overlay-color":"","overlay-opacity":"","overlay-gradient":""}},"advanced_seo_description":"","jetpack_seo_html_title":"","jetpack_seo_noindex":false,"jetpack_post_was_ever_published":false},"product_brand":[],"product_cat":[2858,1830],"product_tag":[1496],"class_list":{"0":"post-13823","1":"product","2":"type-product","3":"status-publish","4":"has-post-thumbnail","6":"product_cat-prints-stationery","7":"product_cat-cards-stationary","8":"product_tag-christmas","9":"desktop-align-left","10":"tablet-align-left","11":"mobile-align-left","13":"first","14":"instock","15":"purchasable","16":"product-type-simple"},"acf":[],"jetpack_sharing_enabled":true,"_links":{"self":[{"href":"https:\/\/fundesign.fi\/fi\/wp-json\/wp\/v2\/product\/13823","targetHints":{"allow":["GET"]}}],"collection":[{"href":"https:\/\/fundesign.fi\/fi\/wp-json\/wp\/v2\/product"}],"about":[{"href":"https:\/\/fundesign.fi\/fi\/wp-json\/wp\/v2\/types\/product"}],"replies":[{"embeddable":true,"href":"https:\/\/fundesign.fi\/fi\/wp-json\/wp\/v2\/comments?post=13823"}],"version-history":[{"count":0,"href":"https:\/\/fundesign.fi\/fi\/wp-json\/wp\/v2\/product\/13823\/revisions"}],"wp:featuredmedia":[{"embeddable":true,"href":"https:\/\/fundesign.fi\/fi\/wp-json\/wp\/v2\/media\/13825"}],"wp:attachment":[{"href":"https:\/\/fundesign.fi\/fi\/wp-json\/wp\/v2\/media?parent=13823"}],"wp:term":[{"taxonomy":"product_brand","embeddable":true,"href":"https:\/\/fundesign.fi\/fi\/wp-json\/wp\/v2\/product_brand?post=13823"},{"taxonomy":"product_cat","embeddable":true,"href":"https:\/\/fundesign.fi\/fi\/wp-json\/wp\/v2\/product_cat?post=13823"},{"taxonomy":"product_tag","embeddable":true,"href":"https:\/\/fundesign.fi\/fi\/wp-json\/wp\/v2\/product_tag?post=13823"}],"curies":[{"name":"wp","href":"https:\/\/api.w.org\/{rel}","templated":true}]}}