{"id":23156,"date":"2025-01-16T15:13:55","date_gmt":"2025-01-16T13:13:55","guid":{"rendered":"https:\/\/fundesign.fi\/?page_id=23156"},"modified":"2025-01-18T10:45:14","modified_gmt":"2025-01-18T08:45:14","slug":"standard-membership-application","status":"publish","type":"page","link":"https:\/\/fundesign.fi\/fi\/standard-membership-application\/","title":{"rendered":"Standard membership application"},"content":{"rendered":"<div class=\"wp-block-uagb-container uagb-block-b1f399ed alignfull uagb-is-root-container\"><div class=\"uagb-container-inner-blocks-wrap\">\n<p class=\"has-large-font-size\">Standard membership application<\/p>\n<\/div><\/div>\n\n\n<div class='fluentform ff-inherit-theme-style fluentform_wrapper_3'><form data-form_id=\"3\" id=\"fluentform_3\" class=\"frm-fluent-form fluent_form_3 ff-el-form-top ff_form_instance_3_1 ff-form-loading ffs_inherit_theme\" data-form_instance=\"ff_form_instance_3_1\" method=\"POST\" action=\"\" ><fieldset  style=\"border: none!important;margin: 0!important;padding: 0!important;background-color: transparent!important;box-shadow: none!important;outline: none!important; min-inline-size: 100%;\">\n                    <legend class=\"ff_screen_reader_title\" style=\"display: block; margin: 0!important;padding: 0!important;height: 0!important;text-indent: -999999px;width: 0!important;overflow:hidden;\">Standard membership application form<\/legend><p style=\"display: none !important;\" class=\"akismet-fields-container\" data-prefix=\"ak_\"><label>&#916;<textarea name=\"ak_hp_textarea\" cols=\"45\" rows=\"8\" maxlength=\"100\"><\/textarea><\/label><input type=\"hidden\" id=\"ak_js_1\" name=\"ak_js\" value=\"180\"\/><script data-jetpack-boost=\"ignore\">document.getElementById( \"ak_js_1\" ).setAttribute( \"value\", ( new Date() ).getTime() );<\/script><\/p><input type='hidden' name='__fluent_form_embded_post_id' value='23156' \/><input type=\"hidden\" id=\"_fluentform_3_fluentformnonce\" name=\"_fluentform_3_fluentformnonce\" value=\"0eb9a089fa\" \/><input type=\"hidden\" name=\"_wp_http_referer\" value=\"\/fi\/wp-json\/wp\/v2\/pages\/23156\" \/><div class='ff-el-group  ff-custom_html' tabindex='-1' data-name=\"custom_html-3_1\" ><p>Fill in this application form to join FunDesign Standard Membership<\/p><\/div><div data-name=\"ff_cn_id_1\"  class='ff-t-container ff-column-container ff_columns_total_1'><div class='ff-t-cell ff-t-column-1' style='flex-basis: 100%;'><div class='ff-el-group  ff-custom_html' tabindex='-1' data-name=\"custom_html-3_2\" ><p>NOTE:<\/p>\n<ul class=\"wp-block-list\">\n<li>Currently, we only accept artists\/designers who are based<strong>\u00a0in Finland<\/strong>.<\/li>\n<\/ul><\/div><div class='ff-el-group  ff-custom_html' tabindex='-1' data-name=\"custom_html-3_3\" ><p><strong data-start=\"595\" data-end=\"622\">What we\u2019re looking for:<\/strong><br data-start=\"622\" data-end=\"625\" \/>\u2714\ufe0f Original art and design, created by <em data-start=\"664\" data-end=\"669\">you<\/em><br data-start=\"669\" data-end=\"672\" \/>\u2714\ufe0f Handmade or self-designed products<br data-start=\"709\" data-end=\"712\" \/>\u2714\ufe0f Thoughtful craftsmanship and creative expression<br data-start=\"763\" data-end=\"766\" \/>\u2714\ufe0f Proper credit and permission if collaborating or using licensed material<br data-start=\"841\" data-end=\"844\" \/>\u2714\ufe0f A positive, respectful spirit that fits the FunDesign community<\/p>\n<p data-start=\"99\" data-end=\"180\">\u00a0<\/p>\n<p class=\"\" data-start=\"99\" data-end=\"180\"><strong data-start=\"99\" data-end=\"180\">The following do not meet our platform requirements and will not be accepted:<\/strong><\/p>\n<p class=\"\" data-start=\"182\" data-end=\"588\">\u274c AI-generated art<br data-start=\"200\" data-end=\"203\" \/>\u274c Plagiarism or copies of other artists\u2019 work<br data-start=\"248\" data-end=\"251\" \/>\u274c Unlicensed fan art or use of copyrighted characters\/logos<br data-start=\"310\" data-end=\"313\" \/>\u274c Assembling mass-produced parts with no original design (e.g. attaching a ready-made charm to a necklace)<br data-start=\"419\" data-end=\"422\" \/>\u274c Using templates or patterns created by someone else<br data-start=\"532\" data-end=\"535\" data-is-only-node=\"\" \/>\u274c Offensive, discriminatory, or disrespectful content<\/p>\n<p data-start=\"182\" data-end=\"588\">\u00a0<\/p>\n<p data-start=\"182\" data-end=\"588\"><strong data-start=\"595\" data-end=\"622\">Selection criteria:<\/strong><\/p>\n<ul>\n<li><strong>Creative background:<\/strong> Members should be artists, designers, or creative entrepreneurs working in visual arts, crafts, or related fields.<\/li>\n<li><strong>Original work:<\/strong> All submitted work must be original and created by the applicant.<\/li>\n<li><strong>Active practice:<\/strong> Applicants should demonstrate ongoing creative activity (e.g., portfolio, recent projects, or participation in events).<\/li>\n<li><strong>Quality &amp; Professionalism:<\/strong> Work should show a consistent level of quality, craftsmanship, and presentation.<\/li>\n<li><strong>Ethical &amp; Legal compliance:<\/strong> All work must respect copyright laws and avoid harmful or discriminatory content.<\/li>\n<\/ul><\/div><div class='ff-el-group'><div class=\"ff-el-input--label ff-el-is-required asterisk-right\"><label for='ff_3_input_text_9' id='label_ff_3_input_text_9' aria-label=\"Full name\">Full name<\/label><\/div><div class='ff-el-input--content'><input type=\"text\" name=\"input_text_9\" class=\"ff-el-form-control\" data-name=\"input_text_9\" id=\"ff_3_input_text_9\"  aria-invalid=\"false\" aria-required=\"true\"><\/div><\/div><div class='ff-el-group'><div class=\"ff-el-input--label ff-el-is-required asterisk-right\"><label for='ff_3_email' id='label_ff_3_email' aria-label=\"Email\">Email<\/label><\/div><div class='ff-el-input--content'><input type=\"email\" name=\"email\" id=\"ff_3_email\" class=\"ff-el-form-control\" placeholder=\"Email Address\" data-name=\"email\"  aria-invalid=\"false\" aria-required=\"true\"><\/div><\/div><div class='ff-el-group'><div class=\"ff-el-input--label ff-el-is-required asterisk-right\"><label for='ff_3_input_text_1' id='label_ff_3_input_text_1' aria-label=\"Phone\">Phone<\/label><\/div><div class='ff-el-input--content'><input type=\"text\" name=\"input_text_1\" class=\"ff-el-form-control\" data-name=\"input_text_1\" id=\"ff_3_input_text_1\"  aria-invalid=\"false\" aria-required=\"true\"><\/div><\/div><div class='ff-el-group'><div class=\"ff-el-input--label asterisk-right\"><label for='ff_3_input_text' id='label_ff_3_input_text' aria-label=\"Business name &amp; Business ID (if applicable)\">Business name &amp; Business ID (if applicable)<\/label><\/div><div class='ff-el-input--content'><input type=\"text\" name=\"input_text\" class=\"ff-el-form-control\" data-name=\"input_text\" id=\"ff_3_input_text\"  aria-invalid=\"false\" aria-required=\"false\"><\/div><\/div><div class='ff-el-group'><div class=\"ff-el-input--label ff-el-is-required asterisk-right\"><label for='ff_3_input_text_3' id='label_ff_3_input_text_3' aria-label=\"Social media \/ website \/ portfolio link\">Social media \/ website \/ portfolio link<\/label><\/div><div class='ff-el-input--content'><input type=\"text\" name=\"input_text_3\" class=\"ff-el-form-control\" data-name=\"input_text_3\" id=\"ff_3_input_text_3\"  aria-invalid=\"false\" aria-required=\"true\"><\/div><\/div><div class='ff-el-group'><div class=\"ff-el-input--label ff-el-is-required asterisk-right\"><label for='ff_3_input_text_2' id='label_ff_3_input_text_2' aria-label=\"What type of art or design do you sell?\">What type of art or design do you sell?<\/label><\/div><div class='ff-el-input--content'><input type=\"text\" name=\"input_text_2\" class=\"ff-el-form-control\" data-name=\"input_text_2\" id=\"ff_3_input_text_2\"  aria-invalid=\"false\" aria-required=\"true\"><\/div><\/div><div class='ff-el-group'><div class=\"ff-el-input--label ff-el-is-required asterisk-right\"><label for='ff_3_input_text_7' id='label_ff_3_input_text_7' aria-label=\"How do you design them?\">How do you design them?<\/label><\/div><div class='ff-el-input--content'><input type=\"text\" name=\"input_text_7\" class=\"ff-el-form-control\" data-name=\"input_text_7\" id=\"ff_3_input_text_7\"  aria-invalid=\"false\" aria-required=\"true\"><\/div><\/div><div class='ff-el-group'><div class=\"ff-el-input--label ff-el-is-required asterisk-right\"><label for='ff_3_input_text_10' id='label_ff_3_input_text_10' aria-label=\"How and where are your products produced?\">How and where are your products produced?<\/label><\/div><div class='ff-el-input--content'><input type=\"text\" name=\"input_text_10\" class=\"ff-el-form-control\" data-name=\"input_text_10\" id=\"ff_3_input_text_10\"  aria-invalid=\"false\" aria-required=\"true\"><\/div><\/div><div class='ff-el-group'><div class=\"ff-el-input--label asterisk-right\"><label for='ff_3_input_text_4' id='label_ff_3_input_text_4' aria-label=\"If you are\/were an art or design student, what&#039;s your degree and school?\">If you are\/were an art or design student, what's your degree and school?<\/label><\/div><div class='ff-el-input--content'><input type=\"text\" name=\"input_text_4\" class=\"ff-el-form-control\" data-name=\"input_text_4\" id=\"ff_3_input_text_4\"  aria-invalid=\"false\" aria-required=\"false\"><\/div><\/div><div class='ff-el-group'><div class=\"ff-el-input--label asterisk-right\"><label for='ff_3_input_text_5' id='label_ff_3_input_text_5' aria-label=\"If you are a member of artist \/ designer association(s), what&#039;s the name of the association(s)?\">If you are a member of artist \/ designer association(s), what's the name of the association(s)?<\/label><\/div><div class='ff-el-input--content'><input type=\"text\" name=\"input_text_5\" class=\"ff-el-form-control\" data-name=\"input_text_5\" id=\"ff_3_input_text_5\"  aria-invalid=\"false\" aria-required=\"false\"><\/div><\/div><div class='ff-el-group'><div class=\"ff-el-input--label asterisk-right\"><label   aria-label=\"If you plan to open an online shop on our website, you need to make sure that you are able to send us invoices. Do you understand and accept this?\">If you plan to open an online shop on our website, you need to make sure that you are able to send us invoices. Do you understand and accept this?<\/label><\/div><div class='ff-el-input--content'><div class='ff-el-form-check ff-el-form-check-'><label class='ff-el-form-check-label' for='input_radio_1_e2834d60fc9c0ec3e5551ef26a2288db'><input  type=\"radio\" name=\"input_radio_1\" data-name=\"input_radio_1\" class=\"ff-el-form-check-input ff-el-form-check-radio\" value=\"yes\"  id='input_radio_1_e2834d60fc9c0ec3e5551ef26a2288db' aria-label='Yes' aria-invalid='false' aria-required=\"false\"> <span>Yes<\/span><\/label><\/div><div class='ff-el-form-check ff-el-form-check-'><label class='ff-el-form-check-label' for='input_radio_1_edaf21e2c181eab95496f3f11023f005'><input  type=\"radio\" name=\"input_radio_1\" data-name=\"input_radio_1\" class=\"ff-el-form-check-input ff-el-form-check-radio\" value=\"no\"  id='input_radio_1_edaf21e2c181eab95496f3f11023f005' aria-label='No' aria-invalid='false' aria-required=\"false\"> <span>No<\/span><\/label><\/div><\/div><\/div><div class='ff-el-group'><div class=\"ff-el-input--label asterisk-right\"><label for='ff_3_input_text_8' id='label_ff_3_input_text_8' aria-label=\"Do you have any questions or anything else to add?\">Do you have any questions or anything else to add?<\/label><\/div><div class='ff-el-input--content'><input type=\"text\" name=\"input_text_8\" class=\"ff-el-form-control\" data-name=\"input_text_8\" id=\"ff_3_input_text_8\"  aria-invalid=\"false\" aria-required=\"false\"><\/div><\/div><div class='ff-el-group    ff-el-input--content'><div class='ff-el-form-check ff-el-tc'><label aria-label='I hereby confirm that all my products are my own original designs and that no AI-generated content, plagiarism, or copyright-infringing material was used in the creation process.' class='ff-el-form-check-label ff_tc_label' for=\"terms-n-condition_1_a9d8e7468e8ceae97b1843dd1774b29a\"><span class='ff_tc_checkbox'><input type=\"checkbox\" name=\"terms-n-condition_1\" class=\"ff-el-form-check-input\" data-name=\"terms-n-condition_1\" id=\"terms-n-condition_1_a9d8e7468e8ceae97b1843dd1774b29a\"  value='on' aria-invalid='false' aria-required=\"true\"><\/span> <div class='ff_t_c'><p>I hereby confirm that all my products are <span style=\"text-decoration: underline\"><strong>my own original designs<\/strong><\/span> and that no AI-generated content, plagiarism, or copyright-infringing material was used in the creation process.<\/p><\/div><\/label><\/div><\/div><div class='ff-el-group    ff-el-input--content'><div class='ff-el-form-check ff-el-tc'><label aria-label='Terms and Conditions: I have read and agree to the Terms and Conditions and Privacy Policy Contains 2 links. Use tab navigation to review.' class='ff-el-form-check-label ff_tc_label' for=\"terms-n-condition_2_383ee6db67d433920bfac5f944d860b7\"><span class='ff_tc_checkbox'><input type=\"checkbox\" name=\"terms-n-condition_2\" class=\"ff-el-form-check-input\" data-name=\"terms-n-condition_2\" id=\"terms-n-condition_2_383ee6db67d433920bfac5f944d860b7\"  value='on' aria-invalid='false' aria-required=\"true\"><\/span> <div class='ff_t_c'><p>I have read and agree to the <a href=\"https:\/\/fundesign.fi\/fi\/terms-and-conditions\/\" target=\"_blank\" rel=\"noopener\">K\u00e4ytt\u00f6ehdot<\/a> and <a href=\"https:\/\/fundesign.fi\/fi\/privacy-policy\/\" target=\"_blank\" rel=\"noopener\">Tietosuojak\u00e4yt\u00e4nn\u00f6n<\/a><\/p><\/div><\/label><\/div><\/div><div class='ff-el-group  ff-custom_html' tabindex='-1' data-name=\"custom_html-3_4\" ><p>By submitting your information, you are giving us a permission to email you. You may unsubscribe at any time.\u00a0<\/p>\n<ul>\n<li>Once you submit your application, our team will review your application based on the criteria above. We will notify you of our decision within 7 business days.<\/li>\n<li>If you have any questions, please feel free to reach out via email: info@fundesign.fi<\/li>\n<\/ul><\/div><\/div><\/div><div class='ff-el-group ff-text-left ff_submit_btn_wrapper'><button type=\"submit\" class=\"ff-btn ff-btn-submit ff-btn-md ff_btn_no_style\"  aria-label=\"Submit\">Submit<\/button><\/div><\/fieldset><input type=\"hidden\" name=\"trp-form-language\" value=\"fi\"\/><\/form><div id='fluentform_3_errors' class='ff-errors-in-stack ff_form_instance_3_1 ff-form-loading_errors ff_form_instance_3_1_errors'><\/div><\/div>            <script data-jetpack-boost=\"ignore\" type=\"text\/javascript\">\n                window.fluent_form_ff_form_instance_3_1 = {\"id\":\"3\",\"settings\":{\"layout\":{\"labelPlacement\":\"top\",\"asteriskPlacement\":\"asterisk-right\",\"helpMessagePlacement\":\"with_label\",\"errorMessagePlacement\":\"inline\",\"cssClassName\":\"\"},\"restrictions\":{\"denyEmptySubmission\":{\"enabled\":false}}},\"form_instance\":\"ff_form_instance_3_1\",\"form_id_selector\":\"fluentform_3\",\"rules\":{\"input_text_9\":{\"required\":{\"value\":true,\"message\":\"This field is required\",\"global_message\":\"This field is required\",\"global\":true}},\"email\":{\"required\":{\"value\":true,\"message\":\"This field is required\",\"global_message\":\"This field is required\",\"global\":true},\"email\":{\"value\":true,\"message\":\"This field must contain a valid email\",\"global_message\":\"This field must contain a valid email\",\"global\":true}},\"input_text_1\":{\"required\":{\"value\":true,\"message\":\"This field is required\",\"global_message\":\"This field is required\",\"global\":true}},\"input_text\":{\"required\":{\"value\":false,\"message\":\"This field is required\",\"global_message\":\"This field is required\",\"global\":true}},\"input_text_3\":{\"required\":{\"value\":true,\"message\":\"This field is required\",\"global_message\":\"This field is required\",\"global\":true}},\"input_text_2\":{\"required\":{\"value\":true,\"message\":\"This field is required\",\"global_message\":\"This field is required\",\"global\":true}},\"input_text_7\":{\"required\":{\"value\":true,\"message\":\"This field is required\",\"global_message\":\"This field is required\",\"global\":true}},\"input_text_10\":{\"required\":{\"value\":true,\"message\":\"This field is required\",\"global_message\":\"This field is required\",\"global\":true}},\"input_text_4\":{\"required\":{\"value\":false,\"message\":\"This field is required\",\"global_message\":\"This field is required\",\"global\":true}},\"input_text_5\":{\"required\":{\"value\":false,\"message\":\"This field is required\",\"global_message\":\"This field is required\",\"global\":true}},\"input_radio_1\":{\"required\":{\"value\":false,\"message\":\"This field is required\",\"global_message\":\"This field is required\",\"global\":true}},\"input_text_8\":{\"required\":{\"value\":false,\"message\":\"This field is required\",\"global_message\":\"This field is required\",\"global\":true}},\"terms-n-condition_1\":{\"required\":{\"value\":true,\"message\":\"This field is required\",\"global_message\":\"This field is required\",\"global\":true}},\"terms-n-condition_2\":{\"required\":{\"value\":true,\"message\":\"This field is required\",\"global_message\":\"This field is required\",\"global\":true}}},\"debounce_time\":300};\n                            <\/script>","protected":false},"excerpt":{"rendered":"","protected":false},"author":223049387,"featured_media":0,"parent":0,"menu_order":0,"comment_status":"closed","ping_status":"closed","template":"","meta":{"_acf_changed":false,"site-sidebar-layout":"no-sidebar","site-content-layout":"","ast-site-content-layout":"normal-width-container","site-content-style":"default","site-sidebar-style":"default","ast-global-header-display":"","ast-banner-title-visibility":"","ast-main-header-display":"","ast-hfb-above-header-display":"","ast-hfb-below-header-display":"","ast-hfb-mobile-header-display":"","site-post-title":"","ast-breadcrumbs-content":"","ast-featured-img":"","footer-sml-layout":"","ast-disable-related-posts":"","theme-transparent-header-meta":"","adv-header-id-meta":"","stick-header-meta":"","header-above-stick-meta":"","header-main-stick-meta":"","header-below-stick-meta":"","astra-migrate-meta-layouts":"set","ast-page-background-enabled":"default","ast-page-background-meta":{"desktop":{"background-color":"var(--ast-global-color-4)","background-image":"","background-repeat":"repeat","background-position":"center center","background-size":"auto","background-attachment":"scroll","background-type":"","background-media":"","overlay-type":"","overlay-color":"","overlay-gradient":""},"tablet":{"background-color":"","background-image":"","background-repeat":"repeat","background-position":"center center","background-size":"auto","background-attachment":"scroll","background-type":"","background-media":"","overlay-type":"","overlay-color":"","overlay-gradient":""},"mobile":{"background-color":"","background-image":"","background-repeat":"repeat","background-position":"center center","background-size":"auto","background-attachment":"scroll","background-type":"","background-media":"","overlay-type":"","overlay-color":"","overlay-gradient":""}},"ast-content-background-meta":{"desktop":{"background-color":"var(--ast-global-color-5)","background-image":"","background-repeat":"repeat","background-position":"center center","background-size":"auto","background-attachment":"scroll","background-type":"","background-media":"","overlay-type":"","overlay-color":"","overlay-gradient":""},"tablet":{"background-color":"var(--ast-global-color-5)","background-image":"","background-repeat":"repeat","background-position":"center center","background-size":"auto","background-attachment":"scroll","background-type":"","background-media":"","overlay-type":"","overlay-color":"","overlay-gradient":""},"mobile":{"background-color":"var(--ast-global-color-5)","background-image":"","background-repeat":"repeat","background-position":"center center","background-size":"auto","background-attachment":"scroll","background-type":"","background-media":"","overlay-type":"","overlay-color":"","overlay-gradient":""}},"advanced_seo_description":"","jetpack_seo_html_title":"","jetpack_seo_noindex":false,"jetpack_post_was_ever_published":false,"footnotes":""},"class_list":["post-23156","page","type-page","status-publish","hentry"],"acf":[],"jetpack_shortlink":"https:\/\/wp.me\/Pe5f66-61u","jetpack_sharing_enabled":true,"_links":{"self":[{"href":"https:\/\/fundesign.fi\/fi\/wp-json\/wp\/v2\/pages\/23156","targetHints":{"allow":["GET"]}}],"collection":[{"href":"https:\/\/fundesign.fi\/fi\/wp-json\/wp\/v2\/pages"}],"about":[{"href":"https:\/\/fundesign.fi\/fi\/wp-json\/wp\/v2\/types\/page"}],"author":[{"embeddable":true,"href":"https:\/\/fundesign.fi\/fi\/wp-json\/wp\/v2\/users\/223049387"}],"replies":[{"embeddable":true,"href":"https:\/\/fundesign.fi\/fi\/wp-json\/wp\/v2\/comments?post=23156"}],"version-history":[{"count":0,"href":"https:\/\/fundesign.fi\/fi\/wp-json\/wp\/v2\/pages\/23156\/revisions"}],"wp:attachment":[{"href":"https:\/\/fundesign.fi\/fi\/wp-json\/wp\/v2\/media?parent=23156"}],"curies":[{"name":"wp","href":"https:\/\/api.w.org\/{rel}","templated":true}]}}